{"id":2,"date":"2023-01-09T17:00:29","date_gmt":"2023-01-09T15:00:29","guid":{"rendered":"http:\/\/http:\/\/geraldbaios.fr\/"},"modified":"2023-01-09T18:40:24","modified_gmt":"2023-01-09T16:40:24","slug":"sample-page","status":"publish","type":"page","link":"https:\/\/geraldbaios.fr\/","title":{"rendered":"Bienvenue"},"content":{"rendered":"<h2>Bonjour,<\/h2>\n<h2>Bienvenue sur mon blog d\u00e9di\u00e9 aux collectionneurs d\u00e9butants. Il est mis \u00e0 jour r\u00e9guli\u00e8rement (diverses modifications, plus d\u2019infos).<\/h2>\n<p style=\"text-align: left;\">Vous y trouverez ma collection de ba\u00efonnettes, poignards, couteaux, glaives et quelques photos suppl\u00e9mentaires.<\/p>\n<p style=\"text-align: left;\">Les ba\u00efonnettes sont class\u00e9es par pays, de la plus r\u00e9cente \u00e0 la plus ancienne.<\/p>\n<p>Des erreurs pourront appara\u00eetre car certaines ba\u00efonnettes ne sont pas du tout mentionn\u00e9es dans l\u2019ABC (Atlas de la Ba\u00efonnette de Collection).<\/p>\n<p>Je me suis servi des informations de base publi\u00e9es dans les 3 tomes ABC Atlas\u00a0de la ba\u00efonnette de Collection, mais je me permets d\u2019y ajouter ma \u00ab\u00a0touche\u00a0\u00bb personnelle.<br \/>\nCes livres sont quasi indispensables pour tout bon collectionneur, mais avec le temps devenus obsol\u00e8tes. Il existe d\u2019autres ouvrages \u00e9crits par <strong>C. M\u00e9ry, P. Renoux<\/strong> qui sont tr\u00e8s pointus au niveau des recherches sur les ba\u00efonnettes allemandes ou autres.<\/p>\n<p>Ce blog est d\u00e9di\u00e9 <strong>aux collectionneurs d\u00e9butants ou n\u00e9ophytes<\/strong> qui cherchent \u00e0 identifier rapidement un mod\u00e8le commun.\u00a0Si vous avez des questions, si vous remarquez des erreurs ou oublis n\u2019h\u00e9sitez pas \u00e0 me contacter.<\/p>\n<p><strong>Bonne visite\u00a0!<\/strong><\/p>\n<p>G\u00e9rald<\/p>\n<p><strong>Tableau des valeurs<\/strong> (moyenne des prix que l\u2019on trouve sur internet ou en bourse, ce n\u2019est que mon avis personnel\u2026).<br \/>\nBa\u00efonnettes en\u00a0<strong>tr\u00e8s\u00a0bon \u00e9tat<\/strong> (pas de traces de rouille, plaquettes non fissur\u00e9es), avec fourreau en tr\u00e8s bon \u00e9tat,\u00a0sans porte-fourreau :<\/p>\n<table width=\"734\">\n<tbody>\n<tr>\n<td width=\"250\">Prix<\/td>\n<td width=\"50\"><\/td>\n<td width=\"337\">Symbole<\/td>\n<\/tr>\n<tr>\n<td width=\"250\">0 \u00e0 20 \u20ac<\/td>\n<td width=\"50\">=<\/td>\n<td width=\"337\"><strong>\u20ac<\/strong><\/td>\n<\/tr>\n<tr>\n<td width=\"250\">21 \u00e0 50 \u20ac<\/td>\n<td width=\"50\">=<\/td>\n<td width=\"337\"><strong>\u20ac\u20ac<\/strong><\/td>\n<\/tr>\n<tr>\n<td width=\"250\">51 \u00e0 80 \u20ac<\/td>\n<td width=\"50\">=<\/td>\n<td width=\"337\"><strong>\u20ac\u20ac\u20ac<\/strong><\/td>\n<\/tr>\n<tr>\n<td width=\"250\">81 \u00e0 120 \u20ac<\/td>\n<td width=\"50\">=<\/td>\n<td width=\"337\"><strong>\u20ac\u20ac\u20ac \u20ac<\/strong><\/td>\n<\/tr>\n<tr>\n<td width=\"250\">121 \u00e0 150 \u20ac<\/td>\n<td width=\"50\">=<\/td>\n<td width=\"337\"><strong>\u20ac\u20ac\u20ac \u20ac\u20ac<\/strong><\/td>\n<\/tr>\n<tr>\n<td width=\"250\">151 \u00e0 180 \u20ac<\/td>\n<td width=\"50\">=<\/td>\n<td width=\"337\"><strong>\u20ac\u20ac\u20ac \u20ac\u20ac\u20ac<\/strong><\/td>\n<\/tr>\n<tr>\n<td width=\"250\">181 \u00e0 230 \u20ac<\/td>\n<td width=\"50\">=<\/td>\n<td width=\"337\"><strong>\u20ac\u20ac\u20ac \u20ac\u20ac\u20ac \u20ac<\/strong><\/td>\n<\/tr>\n<tr>\n<td width=\"250\">\u00a0+ 230 \u20ac<\/td>\n<td width=\"50\">=<\/td>\n<td width=\"337\"><strong>\u20ac\u20ac\u20ac \u20ac\u20ac\u20ac \u20ac\u20ac<\/strong><\/td>\n<\/tr>\n<\/tbody>\n<\/table>\n<p>&nbsp;<\/p>\n<p><strong>Tableau de la raret\u00e9<\/strong> des mod\u00e8les (facilit\u00e9 ou non pour trouver une ba\u00efonnette en bourse, sur internet ou ailleurs\u2026, ce n\u2019est que mon avis personnel !!).<\/p>\n<table width=\"580\">\n<tbody>\n<tr>\n<td width=\"257\"><strong>Raret\u00e9\u00a0<\/strong><\/td>\n<td width=\"319\"><strong>Symbole<\/strong><\/td>\n<\/tr>\n<tr>\n<td width=\"257\"><strong>Pi\u00e8ce actuellement en abondance<\/strong><\/td>\n<td width=\"319\"><strong>=\u00a0<a href=\"https:\/\/geraldbaios.fr\/wp-content\/uploads\/2015\/02\/che1valier.gif\"><img loading=\"lazy\" decoding=\"async\" class=\" size-full wp-image-294 alignnone\" src=\"https:\/\/geraldbaios.fr\/wp-content\/uploads\/2015\/02\/che1valier.gif\" alt=\"che1valier\" width=\"40\" height=\"30\" \/><\/a><\/strong><\/td>\n<\/tr>\n<tr>\n<td width=\"257\"><strong>Pi\u00e8ce courante<\/strong><\/td>\n<td width=\"319\"><strong>=\u00a0<a href=\"https:\/\/geraldbaios.fr\/wp-content\/uploads\/2015\/02\/che1valier.gif\"><img loading=\"lazy\" decoding=\"async\" class=\" size-full wp-image-294 alignnone\" src=\"https:\/\/geraldbaios.fr\/wp-content\/uploads\/2015\/02\/che1valier.gif\" alt=\"che1valier\" width=\"40\" height=\"30\" \/><\/a><a href=\"https:\/\/geraldbaios.fr\/wp-content\/uploads\/2015\/02\/che1valier.gif\"><img loading=\"lazy\" decoding=\"async\" class=\" size-full wp-image-294 alignnone\" src=\"https:\/\/geraldbaios.fr\/wp-content\/uploads\/2015\/02\/che1valier.gif\" alt=\"che1valier\" width=\"40\" height=\"30\" \/><\/a><\/strong><\/td>\n<\/tr>\n<tr>\n<td width=\"257\"><strong>Pi\u00e8ce assez courante<\/strong><\/td>\n<td width=\"319\"><strong>=\u00a0<a href=\"https:\/\/geraldbaios.fr\/wp-content\/uploads\/2015\/02\/che1valier.gif\"><img loading=\"lazy\" decoding=\"async\" class=\" size-full wp-image-294 alignnone\" src=\"https:\/\/geraldbaios.fr\/wp-content\/uploads\/2015\/02\/che1valier.gif\" alt=\"che1valier\" width=\"40\" height=\"30\" \/><\/a><a href=\"https:\/\/geraldbaios.fr\/wp-content\/uploads\/2015\/02\/che1valier.gif\"><img loading=\"lazy\" decoding=\"async\" class=\" size-full wp-image-294 alignnone\" src=\"https:\/\/geraldbaios.fr\/wp-content\/uploads\/2015\/02\/che1valier.gif\" alt=\"che1valier\" width=\"40\" height=\"30\" \/><\/a><a href=\"https:\/\/geraldbaios.fr\/wp-content\/uploads\/2015\/02\/che1valier.gif\"><img loading=\"lazy\" decoding=\"async\" class=\" size-full wp-image-294 alignnone\" src=\"https:\/\/geraldbaios.fr\/wp-content\/uploads\/2015\/02\/che1valier.gif\" alt=\"che1valier\" width=\"40\" height=\"30\" \/><\/a><\/strong><\/td>\n<\/tr>\n<tr>\n<td width=\"257\"><strong>Pi\u00e8ce peu courante<\/strong><\/td>\n<td width=\"319\"><strong>=\u00a0<a href=\"https:\/\/geraldbaios.fr\/wp-content\/uploads\/2015\/02\/che1valier.gif\"><img loading=\"lazy\" decoding=\"async\" class=\" size-full wp-image-294 alignnone\" src=\"https:\/\/geraldbaios.fr\/wp-content\/uploads\/2015\/02\/che1valier.gif\" alt=\"che1valier\" width=\"40\" height=\"30\" \/><\/a><a href=\"https:\/\/geraldbaios.fr\/wp-content\/uploads\/2015\/02\/che1valier.gif\"><img loading=\"lazy\" decoding=\"async\" class=\" size-full wp-image-294 alignnone\" src=\"https:\/\/geraldbaios.fr\/wp-content\/uploads\/2015\/02\/che1valier.gif\" alt=\"che1valier\" width=\"40\" height=\"30\" \/><\/a><a href=\"https:\/\/geraldbaios.fr\/wp-content\/uploads\/2015\/02\/che1valier.gif\"><img loading=\"lazy\" decoding=\"async\" class=\" size-full wp-image-294 alignnone\" src=\"https:\/\/geraldbaios.fr\/wp-content\/uploads\/2015\/02\/che1valier.gif\" alt=\"che1valier\" width=\"40\" height=\"30\" \/><\/a><a href=\"https:\/\/geraldbaios.fr\/wp-content\/uploads\/2015\/02\/che1valier.gif\"><img loading=\"lazy\" decoding=\"async\" class=\" size-full wp-image-294 alignnone\" src=\"https:\/\/geraldbaios.fr\/wp-content\/uploads\/2015\/02\/che1valier.gif\" alt=\"che1valier\" width=\"40\" height=\"30\" \/><\/a><\/strong><\/td>\n<\/tr>\n<tr>\n<td width=\"257\"><strong>Pi\u00e8ce rare<\/strong><\/td>\n<td width=\"319\"><strong>=\u00a0<a href=\"https:\/\/geraldbaios.fr\/wp-content\/uploads\/2015\/02\/che1valier.gif\"><img loading=\"lazy\" decoding=\"async\" class=\" size-full wp-image-294 alignnone\" src=\"https:\/\/geraldbaios.fr\/wp-content\/uploads\/2015\/02\/che1valier.gif\" alt=\"che1valier\" width=\"40\" height=\"30\" \/><\/a><a href=\"https:\/\/geraldbaios.fr\/wp-content\/uploads\/2015\/02\/che1valier.gif\"><img loading=\"lazy\" decoding=\"async\" class=\" size-full wp-image-294 alignnone\" src=\"https:\/\/geraldbaios.fr\/wp-content\/uploads\/2015\/02\/che1valier.gif\" alt=\"che1valier\" width=\"40\" height=\"30\" \/><\/a><a href=\"https:\/\/geraldbaios.fr\/wp-content\/uploads\/2015\/02\/che1valier.gif\"><img loading=\"lazy\" decoding=\"async\" class=\" size-full wp-image-294 alignnone\" src=\"https:\/\/geraldbaios.fr\/wp-content\/uploads\/2015\/02\/che1valier.gif\" alt=\"che1valier\" width=\"40\" height=\"30\" \/><\/a><a href=\"https:\/\/geraldbaios.fr\/wp-content\/uploads\/2015\/02\/che1valier.gif\"><img loading=\"lazy\" decoding=\"async\" class=\" size-full wp-image-294 alignnone\" src=\"https:\/\/geraldbaios.fr\/wp-content\/uploads\/2015\/02\/che1valier.gif\" alt=\"che1valier\" width=\"40\" height=\"30\" \/><\/a><a href=\"https:\/\/geraldbaios.fr\/wp-content\/uploads\/2015\/02\/che1valier.gif\"><img loading=\"lazy\" decoding=\"async\" class=\" size-full wp-image-294 alignnone\" src=\"https:\/\/geraldbaios.fr\/wp-content\/uploads\/2015\/02\/che1valier.gif\" alt=\"che1valier\" width=\"40\" height=\"30\" \/><\/a><\/strong><\/td>\n<\/tr>\n<tr>\n<td width=\"257\"><strong>Pi\u00e8ce tr\u00e8s rare<\/strong><\/td>\n<td width=\"319\"><strong>=\u00a0<a href=\"https:\/\/geraldbaios.fr\/wp-content\/uploads\/2015\/02\/che1valier.gif\"><img loading=\"lazy\" decoding=\"async\" class=\" size-full wp-image-294 alignnone\" src=\"https:\/\/geraldbaios.fr\/wp-content\/uploads\/2015\/02\/che1valier.gif\" alt=\"che1valier\" width=\"40\" height=\"30\" \/><\/a><a href=\"https:\/\/geraldbaios.fr\/wp-content\/uploads\/2015\/02\/che1valier.gif\"><img loading=\"lazy\" decoding=\"async\" class=\" size-full wp-image-294 alignnone\" src=\"https:\/\/geraldbaios.fr\/wp-content\/uploads\/2015\/02\/che1valier.gif\" alt=\"che1valier\" width=\"40\" height=\"30\" \/><\/a><a href=\"https:\/\/geraldbaios.fr\/wp-content\/uploads\/2015\/02\/che1valier.gif\"><img loading=\"lazy\" decoding=\"async\" class=\" size-full wp-image-294 alignnone\" src=\"https:\/\/geraldbaios.fr\/wp-content\/uploads\/2015\/02\/che1valier.gif\" alt=\"che1valier\" width=\"40\" height=\"30\" \/><\/a><a href=\"https:\/\/geraldbaios.fr\/wp-content\/uploads\/2015\/02\/che1valier.gif\"><img loading=\"lazy\" decoding=\"async\" class=\" size-full wp-image-294 alignnone\" src=\"https:\/\/geraldbaios.fr\/wp-content\/uploads\/2015\/02\/che1valier.gif\" alt=\"che1valier\" width=\"40\" height=\"30\" \/><\/a><a href=\"https:\/\/geraldbaios.fr\/wp-content\/uploads\/2015\/02\/che1valier.gif\"><img loading=\"lazy\" decoding=\"async\" class=\" size-full wp-image-294 alignnone\" src=\"https:\/\/geraldbaios.fr\/wp-content\/uploads\/2015\/02\/che1valier.gif\" alt=\"che1valier\" width=\"40\" height=\"30\" \/><\/a><a href=\"https:\/\/geraldbaios.fr\/wp-content\/uploads\/2015\/02\/che1valier.gif\"><img loading=\"lazy\" decoding=\"async\" class=\" size-full wp-image-294 alignnone\" src=\"https:\/\/geraldbaios.fr\/wp-content\/uploads\/2015\/02\/che1valier.gif\" alt=\"che1valier\" width=\"40\" height=\"30\" \/><\/a><\/strong><\/td>\n<\/tr>\n<tr>\n<td width=\"257\"><strong>Pi\u00e8ce extr\u00eamement rare, quasi impossible \u00e0 trouver<\/strong><\/td>\n<td width=\"319\"><strong>=<a href=\"https:\/\/geraldbaios.fr\/wp-content\/uploads\/2015\/02\/che1valier.gif\"><img loading=\"lazy\" decoding=\"async\" class=\" size-full wp-image-294 alignnone\" src=\"https:\/\/geraldbaios.fr\/wp-content\/uploads\/2015\/02\/che1valier.gif\" alt=\"che1valier\" width=\"40\" height=\"30\" \/><\/a><a href=\"https:\/\/geraldbaios.fr\/wp-content\/uploads\/2015\/02\/che1valier.gif\"><img loading=\"lazy\" decoding=\"async\" class=\" size-full wp-image-294 alignnone\" src=\"https:\/\/geraldbaios.fr\/wp-content\/uploads\/2015\/02\/che1valier.gif\" alt=\"che1valier\" width=\"40\" height=\"30\" \/><\/a><a href=\"https:\/\/geraldbaios.fr\/wp-content\/uploads\/2015\/02\/che1valier.gif\"><img loading=\"lazy\" decoding=\"async\" class=\" size-full wp-image-294 alignnone\" src=\"https:\/\/geraldbaios.fr\/wp-content\/uploads\/2015\/02\/che1valier.gif\" alt=\"che1valier\" width=\"40\" height=\"30\" \/><\/a><a href=\"https:\/\/geraldbaios.fr\/wp-content\/uploads\/2015\/02\/che1valier.gif\"><img loading=\"lazy\" decoding=\"async\" class=\" size-full wp-image-294 alignnone\" src=\"https:\/\/geraldbaios.fr\/wp-content\/uploads\/2015\/02\/che1valier.gif\" alt=\"che1valier\" width=\"40\" height=\"30\" \/><\/a><a href=\"https:\/\/geraldbaios.fr\/wp-content\/uploads\/2015\/02\/che1valier.gif\"><img loading=\"lazy\" decoding=\"async\" class=\" size-full wp-image-294 alignnone\" src=\"https:\/\/geraldbaios.fr\/wp-content\/uploads\/2015\/02\/che1valier.gif\" alt=\"che1valier\" width=\"40\" height=\"30\" \/><\/a><a href=\"https:\/\/geraldbaios.fr\/wp-content\/uploads\/2015\/02\/che1valier.gif\"><img loading=\"lazy\" decoding=\"async\" class=\" size-full wp-image-294 alignnone\" src=\"https:\/\/geraldbaios.fr\/wp-content\/uploads\/2015\/02\/che1valier.gif\" alt=\"che1valier\" width=\"40\" height=\"30\" \/><\/a><a href=\"https:\/\/geraldbaios.fr\/wp-content\/uploads\/2015\/02\/che1valier.gif\"><img loading=\"lazy\" decoding=\"async\" class=\" size-full wp-image-294 alignnone\" src=\"https:\/\/geraldbaios.fr\/wp-content\/uploads\/2015\/02\/che1valier.gif\" alt=\"che1valier\" width=\"40\" height=\"30\" \/><\/a> <\/strong><\/td>\n<\/tr>\n<\/tbody>\n<\/table>\n<p>&nbsp;<\/p>\n","protected":false},"excerpt":{"rendered":"<p>Bonjour, Bienvenue sur mon blog d\u00e9di\u00e9 aux collectionneurs d\u00e9butants. Il est mis \u00e0 jour r\u00e9guli\u00e8rement (diverses modifications, plus d\u2019infos). Vous y trouverez ma collection de ba\u00efonnettes, poignards, couteaux, glaives et quelques photos suppl\u00e9mentaires. Les ba\u00efonnettes sont class\u00e9es par pays, de la plus r\u00e9cente \u00e0 la plus ancienne. Des erreurs pourront appara\u00eetre car certaines ba\u00efonnettes ne [&hellip;]<\/p>\n","protected":false},"author":1,"featured_media":0,"parent":0,"menu_order":0,"comment_status":"open","ping_status":"open","template":"","meta":{"footnotes":""},"class_list":["post-2","page","type-page","status-publish","hentry"],"_links":{"self":[{"href":"https:\/\/geraldbaios.fr\/index.php?rest_route=\/wp\/v2\/pages\/2","targetHints":{"allow":["GET"]}}],"collection":[{"href":"https:\/\/geraldbaios.fr\/index.php?rest_route=\/wp\/v2\/pages"}],"about":[{"href":"https:\/\/geraldbaios.fr\/index.php?rest_route=\/wp\/v2\/types\/page"}],"author":[{"embeddable":true,"href":"https:\/\/geraldbaios.fr\/index.php?rest_route=\/wp\/v2\/users\/1"}],"replies":[{"embeddable":true,"href":"https:\/\/geraldbaios.fr\/index.php?rest_route=%2Fwp%2Fv2%2Fcomments&post=2"}],"version-history":[{"count":20,"href":"https:\/\/geraldbaios.fr\/index.php?rest_route=\/wp\/v2\/pages\/2\/revisions"}],"predecessor-version":[{"id":46689,"href":"https:\/\/geraldbaios.fr\/index.php?rest_route=\/wp\/v2\/pages\/2\/revisions\/46689"}],"wp:attachment":[{"href":"https:\/\/geraldbaios.fr\/index.php?rest_route=%2Fwp%2Fv2%2Fmedia&parent=2"}],"curies":[{"name":"wp","href":"https:\/\/api.w.org\/{rel}","templated":true}]}}